{"id":137,"date":"2019-09-19T09:19:00","date_gmt":"2019-09-19T07:19:00","guid":{"rendered":"https:\/\/www.pflegemitherz.co.at\/jobs\/?page_id=137"},"modified":"2021-01-20T09:08:08","modified_gmt":"2021-01-20T08:08:08","slug":"datenschutzbestimmungen","status":"publish","type":"page","link":"https:\/\/www.pflegemitherz.co.at\/jobs\/datenschutzbestimmungen\/","title":{"rendered":"Datenschutzbestimmungen"},"content":{"rendered":"\n<p>Sofern innerhalb des Internetangebotes die M\u00f6glichkeit zur Eingabe  pers\u00f6nlicher oder gesch\u00e4ftlicher Daten (Emailadressen, Namen,  Anschriften) besteht, so erfolgt die Preisgabe dieser Daten seitens des  Nutzers auf ausdr\u00fccklich freiwilliger Basis. Die Inanspruchnahme und  Bezahlung aller angebotenen Dienste ist \u2013 soweit technisch m\u00f6glich und  zumutbar \u2013 auch ohne Angabe solcher Daten bzw. unter Angabe  anonymisierter Daten oder eines Pseudonyms gestattet.<\/p>\n\n\n\n<p><strong>Zugriffsdaten\/ Server-Logfiles<\/strong><br>Der Anbieter (beziehungsweise sein Webspace-Provider) erhebt Daten \u00fcber  jeden Zugriff auf das Angebot (so genannte Serverlogfiles). Zu den  Zugriffsdaten geh\u00f6ren:<\/p>\n\n\n\n<p>Name der abgerufenen Webseite, Datei, Datum und Uhrzeit des Abrufs, \n\u00fcbertragene Datenmenge, Meldung \u00fcber erfolgreichen Abruf, Browsertyp \nnebst Version, das Betriebssystem des Nutzers, Referrer URL (die zuvor \nbesuchte Seite), IP-Adresse und der anfragende Provider.<\/p>\n\n\n\n<p>Der Anbieter verwendet die Protokolldaten nur f\u00fcr statistische \nAuswertungen zum Zweck des Betriebs, der Sicherheit und der Optimierung \ndes Angebotes. Der Anbieterbeh\u00e4lt sich jedoch vor, die Protokolldaten \nnachtr\u00e4glich zu \u00fcberpr\u00fcfen, wenn aufgrund konkreter Anhaltspunkte der \nberechtigte Verdacht einer rechtswidrigen Nutzung besteht.<\/p>\n\n\n\n<p><strong>Google Analytics<\/strong><br>\nDiese Website benutzt Google Analytics, einen Webanalysedienst der \nGoogle Inc. Google Analytics verwendet so genannte Cookies, das sind \nTextdateien, die auf Ihrem Computer gespeichert werden und eine Analyse \nder Benutzung der Website durch Sie erm\u00f6glichen. Die durch den Cookie \nerzeugten Informationen \u00fcber Ihre Benutzung dieser Website werden in der\n Regel an einen Server von Google in den USA \u00fcbertragen und dort \ngespeichert. Im Falle der Aktivierung der IP-Anonymisierung auf dieser \nWebseite wird Ihre IP-Adresse von Google jedoch innerhalb von \nMitgliedstaaten der Europ\u00e4ischen Union oder in anderen Vertragsstaaten \ndes Abkommens \u00fcber den Europ\u00e4ischen Wirtschaftsraum zuvor gek\u00fcrzt. Nur \nin Ausnahmef\u00e4llen wird die volle IP-Adresse an einen Server von Google \nin den USA \u00fcbertragen und dort gek\u00fcrzt.<\/p>\n\n\n\n<p>Im Auftrag des Betreibers dieser Website wird Google diese \nInformationen benutzen, um Ihre Nutzung der Website auszuwerten, um \nReports \u00fcber die Websiteaktivit\u00e4ten zusammenzustellen und um weitere mit\n der Websitenutzung und der Internetnutzung verbundene Dienstleistungen \ngegen\u00fcber dem Websitebetreiber zu erbringen. Die im Rahmen von Google \nAnalytics von Ihrem Browser \u00fcbermittelte IP-Adresse wird nicht mit \nanderen Daten von Google zusammengef\u00fchrt.<\/p>\n\n\n\n<p>Sie k\u00f6nnen die Speicherung der Cookies durch eine entsprechende \nEinstellung Ihrer Browser-Software verhindern; wir weisen Sie jedoch \ndarauf hin, dass Sie in diesem Fall gegebenenfalls nicht s\u00e4mtliche \nFunktionen dieser Website vollumf\u00e4nglich werden nutzen k\u00f6nnen. Sie \nk\u00f6nnen dar\u00fcber hinaus die Erfassung der durch das Cookie erzeugten und \nauf Ihre Nutzung der Website bezogenen Daten (inkl. Ihrer IP-Adresse) an\n Google sowie die Verarbeitung dieser Daten durch Google verhindern, \nindem sie das unter dem folgenden Link verf\u00fcgbare Browser-Plugin \nherunterladen und installieren. Ausf\u00fchrliche Erl\u00e4uterungen hierzu finden\n Sie in den <a href=\"https:\/\/support.google.com\/analytics\/answer\/6004245?hl=de\">Allgemeinen Informationen zu Google Analytics<\/a>.<\/p>\n\n\n\n<p><strong>Umgang mit personenbezogenen Daten<\/strong><br>\nPersonenbezogene Daten sind Informationen, mit deren Hilfe eine Person \nbestimmbar ist, also Angaben, die zur\u00fcck zu einer Person verfolgt werden\n k\u00f6nnen. Dazu geh\u00f6ren der Name, die Emailadresse oder die Telefonnummer.\n Aber auch Daten \u00fcber Vorlieben, Hobbies, Mitgliedschaften oder welche \nWebseiten von jemandem angesehen wurden z\u00e4hlen zu personenbezogenen \nDaten.<\/p>\n\n\n\n<p>Personenbezogene Daten werden von dem Anbieter nur dann erhoben, \ngenutzt und weiter gegeben, wenn dies gesetzlich erlaubt ist oder die \nNutzer in die Datenerhebung einwilligen.<\/p>\n\n\n\n<p><strong>Kontaktaufnahme<\/strong><br>\nBei der Kontaktaufnahme mit dem Anbieter (zum Beispiel per \nKontaktformular oder E-Mail) werden die Angaben des Nutzers zwecks \nBearbeitung der Anfrage sowie f\u00fcr den Fall, dass Anschlussfragen \nentstehen, gespeichert.<\/p>\n\n\n\n<p><strong>Einbindung von Diensten und Inhalten Dritter<\/strong><br>\nEs kann vorkommen, dass innerhalb dieses Onlineangebotes Inhalte \nDritter, wie zum Beispiel Videos von YouTube, Kartenmaterial von \nGoogle-Maps, RSS-Feeds oder Grafiken von anderen Webseiten eingebunden \nwerden. Dies setzt immer voraus, dass die Anbieter dieser Inhalte \n(nachfolgend bezeichnet als Dritt-Anbieter\u0094) die IP-Adresse der Nutzer \nwahr nehmen. Denn ohne die IP-Adresse, k\u00f6nnten sie die Inhalte nicht an \nden Browser des jeweiligen Nutzers senden. Die IP-Adresse ist damit f\u00fcr \ndie Darstellung dieser Inhalte erforderlich. Wir bem\u00fchen uns nur solche \nInhalte zu verwenden, deren jeweilige Anbieter die IP-Adresse lediglich \nzur Auslieferung der Inhalte verwenden. Jedoch haben wir keinen Einfluss\n darauf, falls die Dritt-Anbieter die IP-Adresse z.B. f\u00fcr statistische \nZwecke speichern. Soweit dies uns bekannt ist, kl\u00e4ren wir die Nutzer \ndar\u00fcber auf.<\/p>\n\n\n\n<p><strong>Cookies<\/strong><br>\nCookies sind kleine Dateien, die es erm\u00f6glichen, auf dem Zugriffsger\u00e4t \nder Nutzer (PC, Smartphone o.\u00e4.) spezifische, auf das Ger\u00e4t bezogene \nInformationen zu speichern. Sie dienen zum einem der \nBenutzerfreundlichkeit von Webseiten und damit den Nutzern (z.B. \nSpeicherung von Logindaten). Zum anderen dienen sie, um die statistische\n Daten der Webseitennutzung zu erfassen und sie zwecks Verbesserung des \nAngebotes analysieren zu k\u00f6nnen. Die Nutzer k\u00f6nnen auf den Einsatz der \nCookies Einfluss nehmen. Die meisten Browser verf\u00fcgen eine Option mit \nder das Speichern von Cookies eingeschr\u00e4nkt oder komplett verhindert \nwird. Allerdings wird darauf hingewiesen, dass die Nutzung und \ninsbesondere der Nutzungskomfort ohne Cookies eingeschr\u00e4nkt werden.<\/p>\n\n\n\n<p>Sie k\u00f6nnen viele Online-Anzeigen-Cookies von Unternehmen \u00fcber die US-amerikanische Seite&nbsp;<a href=\"http:\/\/www.aboutads.info\/choices\/\">www.aboutads.info<\/a>&nbsp;oder die EU-Seite&nbsp;<a href=\"http:\/\/www.youronlinechoices.com\/uk\/your-ad-choices\/\">www.youronlinechoices.com<\/a>&nbsp;verwalten.<\/p>\n\n\n\n<p><strong>Perspektive Funnels<\/strong><br>Innerhalb unseres Onlineangebots wird aufgrund unserer berechtigten Interessen an der Analyse, Optimierung  und wirtschaftlichem Betrieb unseres Onlineangebots und zu diesem Zwecken die sog. \u201ePerspective Funnels\u201c ,  welche von Perspective Digital GmbH, M\u00fcggelstra\u00dfe 22, 10247 Berlin und Perspective Software GmbH, ebenda,  betrieben wird, eingesetzt. Mit Hilfe der Perspective Funnels werden Interessenten \u00fcber mein<br> Dienstleistungsangebot informiert und, wenn sie es w\u00fcnschen, wird eine Kontaktaufnahme per Telefon oder Mail erm\u00f6glicht.<br><\/p>\n\n\n\n<p><strong>Nutzung von Facebook-Pixel<\/strong><br>Innerhalb unseres Onlineangebots wird aufgrund unserer berechtigten Interessen an der Analyse, Optimierung und wirtschaftlichem Betrieb unseres Onlineangebots und zu diesem Zwecken das sog. &#8222;Facebook Pixel&#8220; des sozialen Netzwerkes Facebook, welches von Facebook Inc., 1 Hacker Way, Menlo Park, CA 94025, USA, bzw.  falls Sie in der EU ans\u00e4ssig sind, Facebook Ireland Ltd., 4 Grand Canal Square, Grand Canal Harbour, Dublin 2,  Irland betrieben wird (&#8222;Facebook&#8220;) eingesetzt. Mit Hilfe des Facebook-Pixels ist es Facebook zum einen m\u00f6glich,  die Besucher unseres Angebots als Zielgruppe f\u00fcr die Darstellung von Anzeigen, sog. &#8222;Facebook-Ads&#8220; zu<br> bestimmen. Demensprechend setzen wir Facebook-Pixel ein, um die durch uns geschalteten Facebook-Ads nur  solchen Facebook-Nutzern zu zeigen. Der Facebook Pixel ist ein Tool zur Auswertung des Erfolgs von bei<br> Facebook geschalteten Werbeanzeigen. Das Mittel zum Conversion-Tracking wird auf der verlinkten Seite  eingebaut, sodass der Weg eines Nutzers vom sozialen Netz \u00fcber den Link bis hin zum Verhalten auf der<br> verlinkten Seite aufgezeichnet und analysiert werden kann. Hierbei verzichten wir auf die M\u00f6glichkeit des  sogenannten erweiterten Abgleichs. Ab dem 24.10.2018 hat Facebook eine M\u00f6glichkeit geschaffen, einzustellen,<br> auf welche Weise Werbeanzeigen basierend auf Aktivit\u00e4ten auf oder au\u00dferhalb von Facebook gezeigt werden:<br> https:\/\/www.facebook.com\/help\/568137493302217?helpref=faq_content<\/p>\n\n\n\n<p><strong>Google Web Fonts<\/strong><br>Diese Seite nutzt zur einheitlichen Darstellung von Schriftarten so genannte Web Fonts, die von Google bereitgestellt werden. Beim Aufruf einer Seite l\u00e4dt Ihr Browser die ben\u00f6tigten Web Fonts in ihren Browsercache,<br> um Texte und Schriftarten korrekt anzuzeigen.  Zu diesem Zweck muss der von Ihnen verwendete Browser Verbindung zu den Servern von Google aufnehmen.  Hierdurch erlangt Google Kenntnis dar\u00fcber, dass \u00fcber Ihre IP-Adresse unsere Website aufgerufen wurde. Die Nutzung von Google Web Fonts erfolgt im Interesse einer einheitlichen und ansprechenden Darstellung unserer  Online-Angebote. Dies stellt ein berechtigtes Interesse im Sinne von Art. 6 Abs. 1 lit. f DSGVO dar. Wenn Ihr  Browser Web Fonts nicht unterst\u00fctzt, wird eine Standardschrift von Ihrem Computer genutzt.<br> Weitere Informationen zu Google Web Fonts finden Sie unter https:\/\/developers.google.com\/fonts\/faq und in der<br> Datenschutzerkl\u00e4rung von Google: https:\/\/www.google.com\/policies\/privacy\/<\/p>\n\n\n\n<p><strong>Datenschutz bei Bewerbungen<\/strong><br>Wir erheben und verarbeiten personenbezogenen Daten von Bewerbern zum Zwecke der Abwicklung des  Bewerbungsverfahrens. Die Verarbeitung kann auch auf elektronischem Wege erfolgen. Dies ist insbesondere<br> dann der Fall, wenn ein Bewerber entsprechende Bewerbungsunterlagen auf dem elektronischen Wege, beispielsweise per e-Mail an uns \u00fcbermittelt. Schlie\u00dfen wir einen Anstellungsvertrag mit einem Bewerber, werden die \u00fcbermittelten Daten zum Zwecke der Abwicklung des Besch\u00e4ftigungsverh\u00e4ltnisses unter Beachtung der gesetzlichen Vorschriften gespeichert. Wird kein Anstellungsvertrag mit dem Bewerber geschlossen, so werden die Bewerbungsunterlagen drei Monate nach Bekanntgabe der Absageentscheidung von uns gel\u00f6scht, sofern einer L\u00f6schung keine sonstigen berechtigten Interessen entgegenstehen oder der\/die Betroffene sich damit einverstanden erkl\u00e4rt hat, die Daten f\u00fcr eine sp\u00e4ter in Frage kommende Anstellung speichern zu lassen. Sonstiges berechtigtes Interesse in diesem Sinne ist beispielsweise eine Beweispflicht in einem Verfahren nach dem Allgemeinen Gleichbehandlungsgesetz (AGG). <br>Die Verarbeitung der Daten erfolgt, weil Sie durch die \u00dcbersendung einwilligen (Art. 6 Abs. 1 S. 1 lit. a DSGVO) und wir diese dann im berechtigten Interesse verarbeiten (Art. 6 Abs. 1 S. 1 lit. a DSGVO).<\/p>\n\n\n\n<p><br><strong>Facebook<\/strong><br>Auf unseren Seiten sind Plugins des sozialen Netzwerks Facebook, Anbieter Facebook Inc., 1 Hacker Way,  Menlo Park, California 94025, USA, integriert. Die Facebook-Plugins erkennen Sie an dem Facebook-Logo oder<br> dem \u201eLike-Button\u201c (\u201eGef\u00e4llt mir\u201c) auf unserer Seite. Eine \u00dcbersicht \u00fcber die Facebook-Plugins finden Sie hier:<br> http:\/\/developers.facebook.com\/docs\/plugins\/ .<br> Wenn Sie unsere Seiten besuchen, wird \u00fcber das Plugin eine direkte Verbindung zwischen Ihrem Browser und dem Facebook-Server hergestellt. Facebook erh\u00e4lt dadurch die Information, dass Sie mit Ihrer IP-Adresse<br> unsere Seite besucht haben. Wenn Sie den Facebook \u201eLike-Button\u201c anklicken w\u00e4hrend Sie in Ihrem Facebook-Account eingeloggt sind, k\u00f6nnen Sie die Inhalte unserer Seiten auf Ihrem Facebook-Profil verlinken.<br> Dadurch kann Facebook den Besuch unserer Seiten Ihrem Benutzerkonto zuordnen. Wir weisen darauf hin, dass wir als Anbieter der Seiten keine Kenntnis vom Inhalt der \u00fcbermittelten Daten sowie deren Nutzung durch<br> Facebook erhalten. Weitere Informationen hierzu finden Sie in der Datenschutzerkl\u00e4rung von Facebook unter <a rel=\"noreferrer noopener\" aria-label=\"http:\/\/de-de.facebook.com\/policy.php (\u00f6ffnet in neuem Tab)\" href=\"http:\/\/de-de.facebook.com\/policy.php\" target=\"_blank\">http:\/\/de-de.facebook.com\/policy.php<\/a> . Wenn Sie nicht w\u00fcnschen, dass Facebook den Besuch unserer Seiten Ihrem Facebook- Nutzerkonto zuordnen kann, loggen Sie sich bitte aus Ihrem Facebook-Benutzerkonto aus. <\/p>\n\n\n\n<p><strong>Fotos und andere Medien<br><\/strong>Wir m\u00f6chten mit den auf dieser Webseite ver\u00f6ffentlichten Fotos  einen Eindruck vom Leben in unseren Pflegeheimen liefern. Von allen  abgebildeten Personen liegt uns f\u00fcr diesen Zweck eine  Einverst\u00e4ndniserkl\u00e4rung vor. Sollten Sie mit der Ver\u00f6ffentlichung eines  Fotos nicht einverstanden sein, bitte wir Sie, uns unter <a href=\"mailto:qualitaet@pflegemitherz.co.at\">kontakt@pflegemitherz.co.at<\/a> zu kontaktieren. Wir werden das Fotos dann umgehend entfernen.<\/p>\n\n\n\n<p><strong>Kontaktm\u00f6glichkeit<br> <\/strong>F\u00fcr Datenschutzangelegenheiten wenden Sie sich bitte per Email an kontakt@pflegemitherz.co.at<\/p>\n","protected":false},"excerpt":{"rendered":"<p>Sofern innerhalb des Internetangebotes die M\u00f6glichkeit zur Eingabe pers\u00f6nlicher oder gesch\u00e4ftlicher Daten (Emailadressen, Namen, Anschriften) besteht, so erfolgt die Preisgabe dieser Daten seitens des Nutzers &hellip; <\/p>\n","protected":false},"author":1,"featured_media":0,"parent":0,"menu_order":0,"comment_status":"closed","ping_status":"closed","template":"","meta":[],"wps_subtitle":"","_links":{"self":[{"href":"https:\/\/www.pflegemitherz.co.at\/jobs\/wp-json\/wp\/v2\/pages\/137"}],"collection":[{"href":"https:\/\/www.pflegemitherz.co.at\/jobs\/wp-json\/wp\/v2\/pages"}],"about":[{"href":"https:\/\/www.pflegemitherz.co.at\/jobs\/wp-json\/wp\/v2\/types\/page"}],"author":[{"embeddable":true,"href":"https:\/\/www.pflegemitherz.co.at\/jobs\/wp-json\/wp\/v2\/users\/1"}],"replies":[{"embeddable":true,"href":"https:\/\/www.pflegemitherz.co.at\/jobs\/wp-json\/wp\/v2\/comments?post=137"}],"version-history":[{"count":0,"href":"https:\/\/www.pflegemitherz.co.at\/jobs\/wp-json\/wp\/v2\/pages\/137\/revisions"}],"wp:attachment":[{"href":"https:\/\/www.pflegemitherz.co.at\/jobs\/wp-json\/wp\/v2\/media?parent=137"}],"curies":[{"name":"wp","href":"https:\/\/api.w.org\/{rel}","templated":true}]}}